{"id":413,"date":"2021-11-18T12:28:37","date_gmt":"2021-11-18T11:28:37","guid":{"rendered":"http:\/\/www.crnv.eu\/eine-ideale-mischung-aus-zentral-und-lokal\/"},"modified":"2021-12-17T09:25:18","modified_gmt":"2021-12-17T08:25:18","slug":"organisation","status":"publish","type":"page","link":"https:\/\/www.crnv.eu\/de\/organisation\/","title":{"rendered":"Eine ideale Mischung aus zentral und lokal"},"content":{"rendered":"\n<h2 class=\"wp-block-heading\">Die Verkaufst\u00e4tigkeiten erfolgen lokal, werden jedoch von Aachen und Br\u00fcssel aus koordiniert.<\/h2>\n\n\n\n<p>Continental Realty f\u00fchren die Verm\u00f6gensverwaltung von seinem niederl\u00e4ndischen Hauptsitz in Leidschendam (Den Haag) aus durch. Die gesamte technische und kaufm\u00e4nnische Verwaltung des Portfolios einschlie\u00dflich Mieteintreibung wird lokalen Experten \u00fcberlassen, die ihren Markt wie ihre eigene Westentasche kennen. Diese lokalen Experten sind f\u00fcr Deutschland in Aachen und f\u00fcr Belgien in Br\u00fcssel ans\u00e4ssig.   <\/p>\n","protected":false},"excerpt":{"rendered":"<p>Die Verkaufst\u00e4tigkeiten erfolgen lokal, werden jedoch von Aachen und Br\u00fcssel aus koordiniert. Continental Realty f\u00fchren die Verm\u00f6gensverwaltung von seinem niederl\u00e4ndischen Hauptsitz in Leidschendam (Den Haag) aus durch. Die gesamte technische und kaufm\u00e4nnische Verwaltung des Portfolios einschlie\u00dflich Mieteintreibung wird lokalen Experten \u00fcberlassen, die ihren Markt wie ihre eigene Westentasche kennen. Diese lokalen Experten sind f\u00fcr Deutschland [&hellip;]<\/p>\n","protected":false},"author":1,"featured_media":0,"parent":0,"menu_order":0,"comment_status":"closed","ping_status":"closed","template":"","meta":{"footnotes":""},"class_list":["post-413","page","type-page","status-publish","hentry"],"yoast_head":"<!-- This site is optimized with the Yoast SEO plugin v27.3 - https:\/\/yoast.com\/product\/yoast-seo-wordpress\/ -->\n<title>Eine ideale Mischung aus zentral und lokal - Continental Realty NV<\/title>\n<meta name=\"robots\" content=\"index, follow, max-snippet:-1, max-image-preview:large, max-video-preview:-1\" \/>\n<link rel=\"canonical\" href=\"https:\/\/www.crnv.eu\/de\/organisation\/\" \/>\n<meta property=\"og:locale\" content=\"de_DE\" \/>\n<meta property=\"og:type\" content=\"article\" \/>\n<meta property=\"og:title\" content=\"Eine ideale Mischung aus zentral und lokal - Continental Realty NV\" \/>\n<meta property=\"og:description\" content=\"Die Verkaufst\u00e4tigkeiten erfolgen lokal, werden jedoch von Aachen und Br\u00fcssel aus koordiniert. Continental Realty f\u00fchren die Verm\u00f6gensverwaltung von seinem niederl\u00e4ndischen Hauptsitz in Leidschendam (Den Haag) aus durch. Die gesamte technische und kaufm\u00e4nnische Verwaltung des Portfolios einschlie\u00dflich Mieteintreibung wird lokalen Experten \u00fcberlassen, die ihren Markt wie ihre eigene Westentasche kennen. Diese lokalen Experten sind f\u00fcr Deutschland [&hellip;]\" \/>\n<meta property=\"og:url\" content=\"https:\/\/www.crnv.eu\/de\/organisation\/\" \/>\n<meta property=\"og:site_name\" content=\"Continental Realty NV\" \/>\n<meta property=\"article:modified_time\" content=\"2021-12-17T08:25:18+00:00\" \/>\n<meta property=\"og:image\" content=\"https:\/\/www.crnv.eu\/wp-content\/uploads\/continental-realty-website-icon.png\" \/>\n\t<meta property=\"og:image:width\" content=\"512\" \/>\n\t<meta property=\"og:image:height\" content=\"512\" \/>\n\t<meta property=\"og:image:type\" content=\"image\/png\" \/>\n<meta name=\"twitter:card\" content=\"summary_large_image\" \/>\n<script type=\"application\/ld+json\" class=\"yoast-schema-graph\">{\"@context\":\"https:\\\/\\\/schema.org\",\"@graph\":[{\"@type\":\"WebPage\",\"@id\":\"https:\\\/\\\/www.crnv.eu\\\/de\\\/organisation\\\/\",\"url\":\"https:\\\/\\\/www.crnv.eu\\\/de\\\/organisation\\\/\",\"name\":\"Eine ideale Mischung aus zentral und lokal - Continental Realty NV\",\"isPartOf\":{\"@id\":\"https:\\\/\\\/www.crnv.eu\\\/#website\"},\"datePublished\":\"2021-11-18T11:28:37+00:00\",\"dateModified\":\"2021-12-17T08:25:18+00:00\",\"breadcrumb\":{\"@id\":\"https:\\\/\\\/www.crnv.eu\\\/de\\\/organisation\\\/#breadcrumb\"},\"inLanguage\":\"de\",\"potentialAction\":[{\"@type\":\"ReadAction\",\"target\":[\"https:\\\/\\\/www.crnv.eu\\\/de\\\/organisation\\\/\"]}]},{\"@type\":\"BreadcrumbList\",\"@id\":\"https:\\\/\\\/www.crnv.eu\\\/de\\\/organisation\\\/#breadcrumb\",\"itemListElement\":[{\"@type\":\"ListItem\",\"position\":1,\"name\":\"Home\",\"item\":\"https:\\\/\\\/www.crnv.eu\\\/de\\\/\"},{\"@type\":\"ListItem\",\"position\":2,\"name\":\"Eine ideale Mischung aus zentral und lokal\"}]},{\"@type\":\"WebSite\",\"@id\":\"https:\\\/\\\/www.crnv.eu\\\/#website\",\"url\":\"https:\\\/\\\/www.crnv.eu\\\/\",\"name\":\"Continental Realty NV\",\"description\":\"Internationaler Anleger in erstklassige Wohnimmobilien\",\"publisher\":{\"@id\":\"https:\\\/\\\/www.crnv.eu\\\/#organization\"},\"potentialAction\":[{\"@type\":\"SearchAction\",\"target\":{\"@type\":\"EntryPoint\",\"urlTemplate\":\"https:\\\/\\\/www.crnv.eu\\\/?s={search_term_string}\"},\"query-input\":{\"@type\":\"PropertyValueSpecification\",\"valueRequired\":true,\"valueName\":\"search_term_string\"}}],\"inLanguage\":\"de\"},{\"@type\":\"Organization\",\"@id\":\"https:\\\/\\\/www.crnv.eu\\\/#organization\",\"name\":\"Continental Realty\",\"url\":\"https:\\\/\\\/www.crnv.eu\\\/\",\"logo\":{\"@type\":\"ImageObject\",\"inLanguage\":\"de\",\"@id\":\"https:\\\/\\\/www.crnv.eu\\\/#\\\/schema\\\/logo\\\/image\\\/\",\"url\":\"https:\\\/\\\/www.crnv.eu\\\/wp-content\\\/uploads\\\/continental-realty-logo.png\",\"contentUrl\":\"https:\\\/\\\/www.crnv.eu\\\/wp-content\\\/uploads\\\/continental-realty-logo.png\",\"width\":500,\"height\":75,\"caption\":\"Continental Realty\"},\"image\":{\"@id\":\"https:\\\/\\\/www.crnv.eu\\\/#\\\/schema\\\/logo\\\/image\\\/\"}}]}<\/script>\n<!-- \/ Yoast SEO plugin. -->","yoast_head_json":{"title":"Eine ideale Mischung aus zentral und lokal - Continental Realty NV","robots":{"index":"index","follow":"follow","max-snippet":"max-snippet:-1","max-image-preview":"max-image-preview:large","max-video-preview":"max-video-preview:-1"},"canonical":"https:\/\/www.crnv.eu\/de\/organisation\/","og_locale":"de_DE","og_type":"article","og_title":"Eine ideale Mischung aus zentral und lokal - Continental Realty NV","og_description":"Die Verkaufst\u00e4tigkeiten erfolgen lokal, werden jedoch von Aachen und Br\u00fcssel aus koordiniert. Continental Realty f\u00fchren die Verm\u00f6gensverwaltung von seinem niederl\u00e4ndischen Hauptsitz in Leidschendam (Den Haag) aus durch. Die gesamte technische und kaufm\u00e4nnische Verwaltung des Portfolios einschlie\u00dflich Mieteintreibung wird lokalen Experten \u00fcberlassen, die ihren Markt wie ihre eigene Westentasche kennen. Diese lokalen Experten sind f\u00fcr Deutschland [&hellip;]","og_url":"https:\/\/www.crnv.eu\/de\/organisation\/","og_site_name":"Continental Realty NV","article_modified_time":"2021-12-17T08:25:18+00:00","og_image":[{"width":512,"height":512,"url":"https:\/\/www.crnv.eu\/wp-content\/uploads\/continental-realty-website-icon.png","type":"image\/png"}],"twitter_card":"summary_large_image","schema":{"@context":"https:\/\/schema.org","@graph":[{"@type":"WebPage","@id":"https:\/\/www.crnv.eu\/de\/organisation\/","url":"https:\/\/www.crnv.eu\/de\/organisation\/","name":"Eine ideale Mischung aus zentral und lokal - Continental Realty NV","isPartOf":{"@id":"https:\/\/www.crnv.eu\/#website"},"datePublished":"2021-11-18T11:28:37+00:00","dateModified":"2021-12-17T08:25:18+00:00","breadcrumb":{"@id":"https:\/\/www.crnv.eu\/de\/organisation\/#breadcrumb"},"inLanguage":"de","potentialAction":[{"@type":"ReadAction","target":["https:\/\/www.crnv.eu\/de\/organisation\/"]}]},{"@type":"BreadcrumbList","@id":"https:\/\/www.crnv.eu\/de\/organisation\/#breadcrumb","itemListElement":[{"@type":"ListItem","position":1,"name":"Home","item":"https:\/\/www.crnv.eu\/de\/"},{"@type":"ListItem","position":2,"name":"Eine ideale Mischung aus zentral und lokal"}]},{"@type":"WebSite","@id":"https:\/\/www.crnv.eu\/#website","url":"https:\/\/www.crnv.eu\/","name":"Continental Realty NV","description":"Internationaler Anleger in erstklassige Wohnimmobilien","publisher":{"@id":"https:\/\/www.crnv.eu\/#organization"},"potentialAction":[{"@type":"SearchAction","target":{"@type":"EntryPoint","urlTemplate":"https:\/\/www.crnv.eu\/?s={search_term_string}"},"query-input":{"@type":"PropertyValueSpecification","valueRequired":true,"valueName":"search_term_string"}}],"inLanguage":"de"},{"@type":"Organization","@id":"https:\/\/www.crnv.eu\/#organization","name":"Continental Realty","url":"https:\/\/www.crnv.eu\/","logo":{"@type":"ImageObject","inLanguage":"de","@id":"https:\/\/www.crnv.eu\/#\/schema\/logo\/image\/","url":"https:\/\/www.crnv.eu\/wp-content\/uploads\/continental-realty-logo.png","contentUrl":"https:\/\/www.crnv.eu\/wp-content\/uploads\/continental-realty-logo.png","width":500,"height":75,"caption":"Continental Realty"},"image":{"@id":"https:\/\/www.crnv.eu\/#\/schema\/logo\/image\/"}}]}},"_links":{"self":[{"href":"https:\/\/www.crnv.eu\/de\/wp-json\/wp\/v2\/pages\/413","targetHints":{"allow":["GET"]}}],"collection":[{"href":"https:\/\/www.crnv.eu\/de\/wp-json\/wp\/v2\/pages"}],"about":[{"href":"https:\/\/www.crnv.eu\/de\/wp-json\/wp\/v2\/types\/page"}],"author":[{"embeddable":true,"href":"https:\/\/www.crnv.eu\/de\/wp-json\/wp\/v2\/users\/1"}],"replies":[{"embeddable":true,"href":"https:\/\/www.crnv.eu\/de\/wp-json\/wp\/v2\/comments?post=413"}],"version-history":[{"count":1,"href":"https:\/\/www.crnv.eu\/de\/wp-json\/wp\/v2\/pages\/413\/revisions"}],"predecessor-version":[{"id":469,"href":"https:\/\/www.crnv.eu\/de\/wp-json\/wp\/v2\/pages\/413\/revisions\/469"}],"wp:attachment":[{"href":"https:\/\/www.crnv.eu\/de\/wp-json\/wp\/v2\/media?parent=413"}],"curies":[{"name":"wp","href":"https:\/\/api.w.org\/{rel}","templated":true}]}}