{"id":409,"date":"2021-11-18T12:25:26","date_gmt":"2021-11-18T11:25:26","guid":{"rendered":"http:\/\/www.crnv.eu\/organisation-und-kontakt\/"},"modified":"2021-12-17T09:25:52","modified_gmt":"2021-12-17T08:25:52","slug":"impressum","status":"publish","type":"page","link":"https:\/\/www.crnv.eu\/de\/impressum\/","title":{"rendered":"Organisation und Kontakt"},"content":{"rendered":"\n<div class=\"wp-block-columns is-layout-flex wp-container-core-columns-is-layout-28f84493 wp-block-columns-is-layout-flex\">\n<div class=\"wp-block-column is-layout-flow wp-block-column-is-layout-flow\">\n<h3 class=\"wp-block-heading\">Investitionen<\/h3>\n\n\n\n<p><strong>Continental Realty N.V.<\/strong><br>Gesch\u00e4ftsf\u00fchrender Gesellschafter: Abram A. Hulshoff<\/p>\n<\/div>\n\n\n\n<div class=\"wp-block-column is-layout-flow wp-block-column-is-layout-flow\">\n<h3 class=\"wp-block-heading\">Verm\u00f6gensverwaltung<\/h3>\n\n\n\n<p><strong>Continental Realty Management B.V.<\/strong><br>Controller: Stephan Heijdel<\/p>\n\n\n\n<p>Overgoo 13&nbsp;<br>Postbus 200&nbsp;<br>NL-2260 AE Leidschendam<\/p>\n\n\n\n<p>+31 70 357 28 63&nbsp;<br><a href=\"mailto:info@continental-realty.eu\">info@continental-realty.eu<\/a><\/p>\n<\/div>\n<\/div>\n\n\n\n<div class=\"wp-block-columns is-layout-flex wp-container-core-columns-is-layout-28f84493 wp-block-columns-is-layout-flex\">\n<div class=\"wp-block-column is-layout-flow wp-block-column-is-layout-flow\">\n<h3 class=\"wp-block-heading\">Liegenschaftsverwaltung<\/h3>\n\n\n\n<h4 class=\"wp-block-heading\">Deutschland<\/h4>\n\n\n\n<figure class=\"wp-block-image size-full is-resized\"><img loading=\"lazy\" decoding=\"async\" src=\"http:\/\/www.crnv.eu\/wp-content\/uploads\/reaq-logo.png\" alt=\"\" class=\"wp-image-173\" width=\"125\" height=\"27\" srcset=\"https:\/\/www.crnv.eu\/wp-content\/uploads\/reaq-logo.png 500w, https:\/\/www.crnv.eu\/wp-content\/uploads\/reaq-logo-300x65.png 300w\" sizes=\"auto, (max-width: 125px) 100vw, 125px\" \/><\/figure>\n\n\n\n<p><strong>REAQ Hess &amp; Partner Immobilien GmbH<\/strong><br>Ilker Simons, Andreas Baur<\/p>\n\n\n\n<p>+49 214 40 40 37 0&nbsp;<br><a href=\"mailto:info@reaq.eu\">info@reaq.eu<\/a><br><a href=\"http:\/\/www.reaq.eu\/\" target=\"_blank\" rel=\"noreferrer noopener\">www.reaq.eu<\/a><\/p>\n\n\n\n<p>Annastrasse 58-60 <br>D-52062 Aken <\/p>\n<\/div>\n\n\n\n<div class=\"wp-block-column is-layout-flow wp-block-column-is-layout-flow\">\n<h3 class=\"wp-block-heading\">Liegenschaftsverwaltung<\/h3>\n\n\n\n<h4 class=\"wp-block-heading\">Belgien<\/h4>\n\n\n\n<figure class=\"wp-block-image size-full\"><img loading=\"lazy\" decoding=\"async\" width=\"154\" height=\"42\" src=\"http:\/\/www.crnv.eu\/wp-content\/uploads\/rainbow-properties-logo.png\" alt=\"\" class=\"wp-image-174\" srcset=\"https:\/\/www.crnv.eu\/wp-content\/uploads\/rainbow-properties-logo.png 154w, https:\/\/www.crnv.eu\/wp-content\/uploads\/rainbow-properties-logo-150x42.png 150w\" sizes=\"auto, (max-width: 154px) 100vw, 154px\" \/><\/figure>\n\n\n\n<p><strong>Rainbow Properties<\/strong><br>Patrick Wellner<\/p>\n\n\n\n<p>+32 2 732 37 24<br><a href=\"mailto:patrick@rainbow-properties.be\">patrick@rainbow-properties.be<\/a><br><a href=\"http:\/\/www.rainbow-properties.be\/\">www.rainbow-properties.be<\/a><\/p>\n\n\n\n<p>Avenue de Tervuren 37<br>B-1040 Brussel<\/p>\n<\/div>\n<\/div>\n","protected":false},"excerpt":{"rendered":"<p>Investitionen Continental Realty N.V.Gesch\u00e4ftsf\u00fchrender Gesellschafter: Abram A. Hulshoff Verm\u00f6gensverwaltung Continental Realty Management B.V.Controller: Stephan Heijdel Overgoo 13&nbsp;Postbus 200&nbsp;NL-2260 AE Leidschendam +31 70 357 28 63&nbsp;info@continental-realty.eu Liegenschaftsverwaltung Deutschland REAQ Hess &amp; Partner Immobilien GmbHIlker Simons, Andreas Baur +49 214 40 40 37 0&nbsp;info@reaq.euwww.reaq.eu Annastrasse 58-60 D-52062 Aken Liegenschaftsverwaltung Belgien Rainbow PropertiesPatrick Wellner +32 2 732 37 [&hellip;]<\/p>\n","protected":false},"author":1,"featured_media":0,"parent":0,"menu_order":0,"comment_status":"closed","ping_status":"closed","template":"","meta":{"footnotes":""},"class_list":["post-409","page","type-page","status-publish","hentry"],"yoast_head":"<!-- This site is optimized with the Yoast SEO plugin v27.3 - https:\/\/yoast.com\/product\/yoast-seo-wordpress\/ -->\n<title>Organisation und Kontakt - Continental Realty NV<\/title>\n<meta name=\"robots\" content=\"index, follow, max-snippet:-1, max-image-preview:large, max-video-preview:-1\" \/>\n<link rel=\"canonical\" href=\"https:\/\/www.crnv.eu\/de\/impressum\/\" \/>\n<meta property=\"og:locale\" content=\"de_DE\" \/>\n<meta property=\"og:type\" content=\"article\" \/>\n<meta property=\"og:title\" content=\"Organisation und Kontakt - Continental Realty NV\" \/>\n<meta property=\"og:description\" content=\"Investitionen Continental Realty N.V.Gesch\u00e4ftsf\u00fchrender Gesellschafter: Abram A. Hulshoff Verm\u00f6gensverwaltung Continental Realty Management B.V.Controller: Stephan Heijdel Overgoo 13&nbsp;Postbus 200&nbsp;NL-2260 AE Leidschendam +31 70 357 28 63&nbsp;info@continental-realty.eu Liegenschaftsverwaltung Deutschland REAQ Hess &amp; Partner Immobilien GmbHIlker Simons, Andreas Baur +49 214 40 40 37 0&nbsp;info@reaq.euwww.reaq.eu Annastrasse 58-60 D-52062 Aken Liegenschaftsverwaltung Belgien Rainbow PropertiesPatrick Wellner +32 2 732 37 [&hellip;]\" \/>\n<meta property=\"og:url\" content=\"https:\/\/www.crnv.eu\/de\/impressum\/\" \/>\n<meta property=\"og:site_name\" content=\"Continental Realty NV\" \/>\n<meta property=\"article:modified_time\" content=\"2021-12-17T08:25:52+00:00\" \/>\n<meta property=\"og:image\" content=\"http:\/\/www.crnv.eu\/wp-content\/uploads\/reaq-logo.png\" \/>\n<meta name=\"twitter:card\" content=\"summary_large_image\" \/>\n<script type=\"application\/ld+json\" class=\"yoast-schema-graph\">{\"@context\":\"https:\\\/\\\/schema.org\",\"@graph\":[{\"@type\":\"WebPage\",\"@id\":\"https:\\\/\\\/www.crnv.eu\\\/de\\\/impressum\\\/\",\"url\":\"https:\\\/\\\/www.crnv.eu\\\/de\\\/impressum\\\/\",\"name\":\"Organisation und Kontakt - Continental Realty NV\",\"isPartOf\":{\"@id\":\"https:\\\/\\\/www.crnv.eu\\\/#website\"},\"primaryImageOfPage\":{\"@id\":\"https:\\\/\\\/www.crnv.eu\\\/de\\\/impressum\\\/#primaryimage\"},\"image\":{\"@id\":\"https:\\\/\\\/www.crnv.eu\\\/de\\\/impressum\\\/#primaryimage\"},\"thumbnailUrl\":\"http:\\\/\\\/www.crnv.eu\\\/wp-content\\\/uploads\\\/reaq-logo.png\",\"datePublished\":\"2021-11-18T11:25:26+00:00\",\"dateModified\":\"2021-12-17T08:25:52+00:00\",\"breadcrumb\":{\"@id\":\"https:\\\/\\\/www.crnv.eu\\\/de\\\/impressum\\\/#breadcrumb\"},\"inLanguage\":\"de\",\"potentialAction\":[{\"@type\":\"ReadAction\",\"target\":[\"https:\\\/\\\/www.crnv.eu\\\/de\\\/impressum\\\/\"]}]},{\"@type\":\"ImageObject\",\"inLanguage\":\"de\",\"@id\":\"https:\\\/\\\/www.crnv.eu\\\/de\\\/impressum\\\/#primaryimage\",\"url\":\"http:\\\/\\\/www.crnv.eu\\\/wp-content\\\/uploads\\\/reaq-logo.png\",\"contentUrl\":\"http:\\\/\\\/www.crnv.eu\\\/wp-content\\\/uploads\\\/reaq-logo.png\"},{\"@type\":\"BreadcrumbList\",\"@id\":\"https:\\\/\\\/www.crnv.eu\\\/de\\\/impressum\\\/#breadcrumb\",\"itemListElement\":[{\"@type\":\"ListItem\",\"position\":1,\"name\":\"Home\",\"item\":\"https:\\\/\\\/www.crnv.eu\\\/de\\\/\"},{\"@type\":\"ListItem\",\"position\":2,\"name\":\"Organisation und Kontakt\"}]},{\"@type\":\"WebSite\",\"@id\":\"https:\\\/\\\/www.crnv.eu\\\/#website\",\"url\":\"https:\\\/\\\/www.crnv.eu\\\/\",\"name\":\"Continental Realty NV\",\"description\":\"Internationaler Anleger in erstklassige Wohnimmobilien\",\"publisher\":{\"@id\":\"https:\\\/\\\/www.crnv.eu\\\/#organization\"},\"potentialAction\":[{\"@type\":\"SearchAction\",\"target\":{\"@type\":\"EntryPoint\",\"urlTemplate\":\"https:\\\/\\\/www.crnv.eu\\\/?s={search_term_string}\"},\"query-input\":{\"@type\":\"PropertyValueSpecification\",\"valueRequired\":true,\"valueName\":\"search_term_string\"}}],\"inLanguage\":\"de\"},{\"@type\":\"Organization\",\"@id\":\"https:\\\/\\\/www.crnv.eu\\\/#organization\",\"name\":\"Continental Realty\",\"url\":\"https:\\\/\\\/www.crnv.eu\\\/\",\"logo\":{\"@type\":\"ImageObject\",\"inLanguage\":\"de\",\"@id\":\"https:\\\/\\\/www.crnv.eu\\\/#\\\/schema\\\/logo\\\/image\\\/\",\"url\":\"https:\\\/\\\/www.crnv.eu\\\/wp-content\\\/uploads\\\/continental-realty-logo.png\",\"contentUrl\":\"https:\\\/\\\/www.crnv.eu\\\/wp-content\\\/uploads\\\/continental-realty-logo.png\",\"width\":500,\"height\":75,\"caption\":\"Continental Realty\"},\"image\":{\"@id\":\"https:\\\/\\\/www.crnv.eu\\\/#\\\/schema\\\/logo\\\/image\\\/\"}}]}<\/script>\n<!-- \/ Yoast SEO plugin. -->","yoast_head_json":{"title":"Organisation und Kontakt - Continental Realty NV","robots":{"index":"index","follow":"follow","max-snippet":"max-snippet:-1","max-image-preview":"max-image-preview:large","max-video-preview":"max-video-preview:-1"},"canonical":"https:\/\/www.crnv.eu\/de\/impressum\/","og_locale":"de_DE","og_type":"article","og_title":"Organisation und Kontakt - Continental Realty NV","og_description":"Investitionen Continental Realty N.V.Gesch\u00e4ftsf\u00fchrender Gesellschafter: Abram A. Hulshoff Verm\u00f6gensverwaltung Continental Realty Management B.V.Controller: Stephan Heijdel Overgoo 13&nbsp;Postbus 200&nbsp;NL-2260 AE Leidschendam +31 70 357 28 63&nbsp;info@continental-realty.eu Liegenschaftsverwaltung Deutschland REAQ Hess &amp; Partner Immobilien GmbHIlker Simons, Andreas Baur +49 214 40 40 37 0&nbsp;info@reaq.euwww.reaq.eu Annastrasse 58-60 D-52062 Aken Liegenschaftsverwaltung Belgien Rainbow PropertiesPatrick Wellner +32 2 732 37 [&hellip;]","og_url":"https:\/\/www.crnv.eu\/de\/impressum\/","og_site_name":"Continental Realty NV","article_modified_time":"2021-12-17T08:25:52+00:00","og_image":[{"url":"http:\/\/www.crnv.eu\/wp-content\/uploads\/reaq-logo.png","type":"","width":"","height":""}],"twitter_card":"summary_large_image","schema":{"@context":"https:\/\/schema.org","@graph":[{"@type":"WebPage","@id":"https:\/\/www.crnv.eu\/de\/impressum\/","url":"https:\/\/www.crnv.eu\/de\/impressum\/","name":"Organisation und Kontakt - Continental Realty NV","isPartOf":{"@id":"https:\/\/www.crnv.eu\/#website"},"primaryImageOfPage":{"@id":"https:\/\/www.crnv.eu\/de\/impressum\/#primaryimage"},"image":{"@id":"https:\/\/www.crnv.eu\/de\/impressum\/#primaryimage"},"thumbnailUrl":"http:\/\/www.crnv.eu\/wp-content\/uploads\/reaq-logo.png","datePublished":"2021-11-18T11:25:26+00:00","dateModified":"2021-12-17T08:25:52+00:00","breadcrumb":{"@id":"https:\/\/www.crnv.eu\/de\/impressum\/#breadcrumb"},"inLanguage":"de","potentialAction":[{"@type":"ReadAction","target":["https:\/\/www.crnv.eu\/de\/impressum\/"]}]},{"@type":"ImageObject","inLanguage":"de","@id":"https:\/\/www.crnv.eu\/de\/impressum\/#primaryimage","url":"http:\/\/www.crnv.eu\/wp-content\/uploads\/reaq-logo.png","contentUrl":"http:\/\/www.crnv.eu\/wp-content\/uploads\/reaq-logo.png"},{"@type":"BreadcrumbList","@id":"https:\/\/www.crnv.eu\/de\/impressum\/#breadcrumb","itemListElement":[{"@type":"ListItem","position":1,"name":"Home","item":"https:\/\/www.crnv.eu\/de\/"},{"@type":"ListItem","position":2,"name":"Organisation und Kontakt"}]},{"@type":"WebSite","@id":"https:\/\/www.crnv.eu\/#website","url":"https:\/\/www.crnv.eu\/","name":"Continental Realty NV","description":"Internationaler Anleger in erstklassige Wohnimmobilien","publisher":{"@id":"https:\/\/www.crnv.eu\/#organization"},"potentialAction":[{"@type":"SearchAction","target":{"@type":"EntryPoint","urlTemplate":"https:\/\/www.crnv.eu\/?s={search_term_string}"},"query-input":{"@type":"PropertyValueSpecification","valueRequired":true,"valueName":"search_term_string"}}],"inLanguage":"de"},{"@type":"Organization","@id":"https:\/\/www.crnv.eu\/#organization","name":"Continental Realty","url":"https:\/\/www.crnv.eu\/","logo":{"@type":"ImageObject","inLanguage":"de","@id":"https:\/\/www.crnv.eu\/#\/schema\/logo\/image\/","url":"https:\/\/www.crnv.eu\/wp-content\/uploads\/continental-realty-logo.png","contentUrl":"https:\/\/www.crnv.eu\/wp-content\/uploads\/continental-realty-logo.png","width":500,"height":75,"caption":"Continental Realty"},"image":{"@id":"https:\/\/www.crnv.eu\/#\/schema\/logo\/image\/"}}]}},"_links":{"self":[{"href":"https:\/\/www.crnv.eu\/de\/wp-json\/wp\/v2\/pages\/409","targetHints":{"allow":["GET"]}}],"collection":[{"href":"https:\/\/www.crnv.eu\/de\/wp-json\/wp\/v2\/pages"}],"about":[{"href":"https:\/\/www.crnv.eu\/de\/wp-json\/wp\/v2\/types\/page"}],"author":[{"embeddable":true,"href":"https:\/\/www.crnv.eu\/de\/wp-json\/wp\/v2\/users\/1"}],"replies":[{"embeddable":true,"href":"https:\/\/www.crnv.eu\/de\/wp-json\/wp\/v2\/comments?post=409"}],"version-history":[{"count":1,"href":"https:\/\/www.crnv.eu\/de\/wp-json\/wp\/v2\/pages\/409\/revisions"}],"predecessor-version":[{"id":470,"href":"https:\/\/www.crnv.eu\/de\/wp-json\/wp\/v2\/pages\/409\/revisions\/470"}],"wp:attachment":[{"href":"https:\/\/www.crnv.eu\/de\/wp-json\/wp\/v2\/media?parent=409"}],"curies":[{"name":"wp","href":"https:\/\/api.w.org\/{rel}","templated":true}]}}