{"id":391,"date":"2021-11-18T10:50:50","date_gmt":"2021-11-18T09:50:50","guid":{"rendered":"http:\/\/www.crnv.eu\/internationaler-anleger-in-erstklassige-wohnimmobilien\/"},"modified":"2023-09-11T22:21:45","modified_gmt":"2023-09-11T20:21:45","slug":"internationaler-anleger-in-erstklassige-wohnimmobilien","status":"publish","type":"page","link":"https:\/\/www.crnv.eu\/de\/","title":{"rendered":"Internationaler Anleger in erstklassige Wohnimmobilien"},"content":{"rendered":"\n<p>Continental Realty NV wurde von f\u00fcnf kapitalkr\u00e4ftigen Investoren gegr\u00fcndet, die zusammen die Aktienmehrheit innehaben. Diese Aktion\u00e4re haben sich die Sporen im In- und Ausland verdient und dabei jahrzehntelange Erfahrung gesammelt. Unabh\u00e4ngig voneinander sind sie auch in diversen anderen Segmenten des niederl\u00e4ndischen Immobilienmarkts t\u00e4tig.   <\/p>\n\n<p>Von ihrem niederl\u00e4ndischen Hauptsitz aus, investiert Continental Realty NV in Immobilien in Nordwesteuropa, insbesondere in Belgien und Deutschland. Bei den Immobilien handelt es sich zum Gro\u00dfteil um bestehende Mietwohnobjekte, haupts\u00e4chlich aber um Wohnanlagen. Au\u00dferdem besitzt Continental Realty Gewerbeimmobilien, prim\u00e4r Einzelhandelsfl\u00e4chen in Innenstadtlagen.   <\/p>\n","protected":false},"excerpt":{"rendered":"<p>Continental Realty NV wurde von f\u00fcnf kapitalkr\u00e4ftigen Investoren gegr\u00fcndet, die zusammen die Aktienmehrheit innehaben. Diese Aktion\u00e4re haben sich die Sporen im In- und Ausland verdient und dabei jahrzehntelange Erfahrung gesammelt. Unabh\u00e4ngig voneinander sind sie auch in diversen anderen Segmenten des niederl\u00e4ndischen Immobilienmarkts t\u00e4tig. Von ihrem niederl\u00e4ndischen Hauptsitz aus, investiert Continental Realty NV in Immobilien in [&hellip;]<\/p>\n","protected":false},"author":1,"featured_media":0,"parent":0,"menu_order":0,"comment_status":"closed","ping_status":"closed","template":"","meta":{"footnotes":""},"class_list":["post-391","page","type-page","status-publish","hentry"],"yoast_head":"<!-- This site is optimized with the Yoast SEO plugin v27.3 - https:\/\/yoast.com\/product\/yoast-seo-wordpress\/ -->\n<title>Internationaler Anleger in erstklassige Wohnimmobilien - Continental Realty NV<\/title>\n<meta name=\"robots\" content=\"index, follow, max-snippet:-1, max-image-preview:large, max-video-preview:-1\" \/>\n<link rel=\"canonical\" href=\"https:\/\/www.crnv.eu\/de\/\" \/>\n<meta property=\"og:locale\" content=\"de_DE\" \/>\n<meta property=\"og:type\" content=\"article\" \/>\n<meta property=\"og:title\" content=\"Internationaler Anleger in erstklassige Wohnimmobilien - Continental Realty NV\" \/>\n<meta property=\"og:description\" content=\"Continental Realty NV wurde von f\u00fcnf kapitalkr\u00e4ftigen Investoren gegr\u00fcndet, die zusammen die Aktienmehrheit innehaben. Diese Aktion\u00e4re haben sich die Sporen im In- und Ausland verdient und dabei jahrzehntelange Erfahrung gesammelt. Unabh\u00e4ngig voneinander sind sie auch in diversen anderen Segmenten des niederl\u00e4ndischen Immobilienmarkts t\u00e4tig. Von ihrem niederl\u00e4ndischen Hauptsitz aus, investiert Continental Realty NV in Immobilien in [&hellip;]\" \/>\n<meta property=\"og:url\" content=\"https:\/\/www.crnv.eu\/de\/\" \/>\n<meta property=\"og:site_name\" content=\"Continental Realty NV\" \/>\n<meta property=\"article:modified_time\" content=\"2023-09-11T20:21:45+00:00\" \/>\n<meta property=\"og:image\" content=\"https:\/\/www.crnv.eu\/wp-content\/uploads\/continental-realty-website-icon.png\" \/>\n\t<meta property=\"og:image:width\" content=\"512\" \/>\n\t<meta property=\"og:image:height\" content=\"512\" \/>\n\t<meta property=\"og:image:type\" content=\"image\/png\" \/>\n<meta name=\"twitter:card\" content=\"summary_large_image\" \/>\n<script type=\"application\/ld+json\" class=\"yoast-schema-graph\">{\"@context\":\"https:\\\/\\\/schema.org\",\"@graph\":[{\"@type\":\"WebPage\",\"@id\":\"https:\\\/\\\/www.crnv.eu\\\/de\\\/\",\"url\":\"https:\\\/\\\/www.crnv.eu\\\/de\\\/\",\"name\":\"Internationaler Anleger in erstklassige Wohnimmobilien - Continental Realty NV\",\"isPartOf\":{\"@id\":\"https:\\\/\\\/www.crnv.eu\\\/#website\"},\"datePublished\":\"2021-11-18T09:50:50+00:00\",\"dateModified\":\"2023-09-11T20:21:45+00:00\",\"breadcrumb\":{\"@id\":\"https:\\\/\\\/www.crnv.eu\\\/de\\\/#breadcrumb\"},\"inLanguage\":\"de\",\"potentialAction\":[{\"@type\":\"ReadAction\",\"target\":[\"https:\\\/\\\/www.crnv.eu\\\/de\\\/\"]}]},{\"@type\":\"BreadcrumbList\",\"@id\":\"https:\\\/\\\/www.crnv.eu\\\/de\\\/#breadcrumb\",\"itemListElement\":[{\"@type\":\"ListItem\",\"position\":1,\"name\":\"Home\",\"item\":\"https:\\\/\\\/www.crnv.eu\\\/de\\\/\"},{\"@type\":\"ListItem\",\"position\":2,\"name\":\"Internationaler Anleger in erstklassige Wohnimmobilien\"}]},{\"@type\":\"WebSite\",\"@id\":\"https:\\\/\\\/www.crnv.eu\\\/#website\",\"url\":\"https:\\\/\\\/www.crnv.eu\\\/\",\"name\":\"Continental Realty NV\",\"description\":\"Internationaler Anleger in erstklassige Wohnimmobilien\",\"publisher\":{\"@id\":\"https:\\\/\\\/www.crnv.eu\\\/#organization\"},\"potentialAction\":[{\"@type\":\"SearchAction\",\"target\":{\"@type\":\"EntryPoint\",\"urlTemplate\":\"https:\\\/\\\/www.crnv.eu\\\/?s={search_term_string}\"},\"query-input\":{\"@type\":\"PropertyValueSpecification\",\"valueRequired\":true,\"valueName\":\"search_term_string\"}}],\"inLanguage\":\"de\"},{\"@type\":\"Organization\",\"@id\":\"https:\\\/\\\/www.crnv.eu\\\/#organization\",\"name\":\"Continental Realty\",\"url\":\"https:\\\/\\\/www.crnv.eu\\\/\",\"logo\":{\"@type\":\"ImageObject\",\"inLanguage\":\"de\",\"@id\":\"https:\\\/\\\/www.crnv.eu\\\/#\\\/schema\\\/logo\\\/image\\\/\",\"url\":\"https:\\\/\\\/www.crnv.eu\\\/wp-content\\\/uploads\\\/continental-realty-logo.png\",\"contentUrl\":\"https:\\\/\\\/www.crnv.eu\\\/wp-content\\\/uploads\\\/continental-realty-logo.png\",\"width\":500,\"height\":75,\"caption\":\"Continental Realty\"},\"image\":{\"@id\":\"https:\\\/\\\/www.crnv.eu\\\/#\\\/schema\\\/logo\\\/image\\\/\"}}]}<\/script>\n<!-- \/ Yoast SEO plugin. -->","yoast_head_json":{"title":"Internationaler Anleger in erstklassige Wohnimmobilien - Continental Realty NV","robots":{"index":"index","follow":"follow","max-snippet":"max-snippet:-1","max-image-preview":"max-image-preview:large","max-video-preview":"max-video-preview:-1"},"canonical":"https:\/\/www.crnv.eu\/de\/","og_locale":"de_DE","og_type":"article","og_title":"Internationaler Anleger in erstklassige Wohnimmobilien - Continental Realty NV","og_description":"Continental Realty NV wurde von f\u00fcnf kapitalkr\u00e4ftigen Investoren gegr\u00fcndet, die zusammen die Aktienmehrheit innehaben. Diese Aktion\u00e4re haben sich die Sporen im In- und Ausland verdient und dabei jahrzehntelange Erfahrung gesammelt. Unabh\u00e4ngig voneinander sind sie auch in diversen anderen Segmenten des niederl\u00e4ndischen Immobilienmarkts t\u00e4tig. Von ihrem niederl\u00e4ndischen Hauptsitz aus, investiert Continental Realty NV in Immobilien in [&hellip;]","og_url":"https:\/\/www.crnv.eu\/de\/","og_site_name":"Continental Realty NV","article_modified_time":"2023-09-11T20:21:45+00:00","og_image":[{"width":512,"height":512,"url":"https:\/\/www.crnv.eu\/wp-content\/uploads\/continental-realty-website-icon.png","type":"image\/png"}],"twitter_card":"summary_large_image","schema":{"@context":"https:\/\/schema.org","@graph":[{"@type":"WebPage","@id":"https:\/\/www.crnv.eu\/de\/","url":"https:\/\/www.crnv.eu\/de\/","name":"Internationaler Anleger in erstklassige Wohnimmobilien - Continental Realty NV","isPartOf":{"@id":"https:\/\/www.crnv.eu\/#website"},"datePublished":"2021-11-18T09:50:50+00:00","dateModified":"2023-09-11T20:21:45+00:00","breadcrumb":{"@id":"https:\/\/www.crnv.eu\/de\/#breadcrumb"},"inLanguage":"de","potentialAction":[{"@type":"ReadAction","target":["https:\/\/www.crnv.eu\/de\/"]}]},{"@type":"BreadcrumbList","@id":"https:\/\/www.crnv.eu\/de\/#breadcrumb","itemListElement":[{"@type":"ListItem","position":1,"name":"Home","item":"https:\/\/www.crnv.eu\/de\/"},{"@type":"ListItem","position":2,"name":"Internationaler Anleger in erstklassige Wohnimmobilien"}]},{"@type":"WebSite","@id":"https:\/\/www.crnv.eu\/#website","url":"https:\/\/www.crnv.eu\/","name":"Continental Realty NV","description":"Internationaler Anleger in erstklassige Wohnimmobilien","publisher":{"@id":"https:\/\/www.crnv.eu\/#organization"},"potentialAction":[{"@type":"SearchAction","target":{"@type":"EntryPoint","urlTemplate":"https:\/\/www.crnv.eu\/?s={search_term_string}"},"query-input":{"@type":"PropertyValueSpecification","valueRequired":true,"valueName":"search_term_string"}}],"inLanguage":"de"},{"@type":"Organization","@id":"https:\/\/www.crnv.eu\/#organization","name":"Continental Realty","url":"https:\/\/www.crnv.eu\/","logo":{"@type":"ImageObject","inLanguage":"de","@id":"https:\/\/www.crnv.eu\/#\/schema\/logo\/image\/","url":"https:\/\/www.crnv.eu\/wp-content\/uploads\/continental-realty-logo.png","contentUrl":"https:\/\/www.crnv.eu\/wp-content\/uploads\/continental-realty-logo.png","width":500,"height":75,"caption":"Continental Realty"},"image":{"@id":"https:\/\/www.crnv.eu\/#\/schema\/logo\/image\/"}}]}},"_links":{"self":[{"href":"https:\/\/www.crnv.eu\/de\/wp-json\/wp\/v2\/pages\/391","targetHints":{"allow":["GET"]}}],"collection":[{"href":"https:\/\/www.crnv.eu\/de\/wp-json\/wp\/v2\/pages"}],"about":[{"href":"https:\/\/www.crnv.eu\/de\/wp-json\/wp\/v2\/types\/page"}],"author":[{"embeddable":true,"href":"https:\/\/www.crnv.eu\/de\/wp-json\/wp\/v2\/users\/1"}],"replies":[{"embeddable":true,"href":"https:\/\/www.crnv.eu\/de\/wp-json\/wp\/v2\/comments?post=391"}],"version-history":[{"count":4,"href":"https:\/\/www.crnv.eu\/de\/wp-json\/wp\/v2\/pages\/391\/revisions"}],"predecessor-version":[{"id":551,"href":"https:\/\/www.crnv.eu\/de\/wp-json\/wp\/v2\/pages\/391\/revisions\/551"}],"wp:attachment":[{"href":"https:\/\/www.crnv.eu\/de\/wp-json\/wp\/v2\/media?parent=391"}],"curies":[{"name":"wp","href":"https:\/\/api.w.org\/{rel}","templated":true}]}}